{"id":274,"date":"2018-08-01T03:10:30","date_gmt":"2018-08-01T03:10:30","guid":{"rendered":"http:\/\/demo.casethemes.net\/unfinityplus-transport\/?page_id=274"},"modified":"2023-04-06T11:02:30","modified_gmt":"2023-04-06T09:02:30","slug":"accueil","status":"publish","type":"page","link":"https:\/\/kingstockage.com\/","title":{"rendered":"Accueil"},"content":{"rendered":"<p>[vc_row full_width=&#8221;stretch_row_content_no_spaces&#8221; el_id=&#8221;section-home&#8221;][vc_column][rev_slider_vc alias=&#8221;slider-1&#8243; arrow_style=&#8221;style4&#8243;][vc_empty_space height=&#8221;45px&#8221;][\/vc_column][\/vc_row][vc_row][vc_column][cms_heading text=&#8221;Louez un box de self-stockage de 2 \u00e0 20m2, adapt\u00e9 \u00e0 vos besoins !&#8221; align_lg=&#8221;align-center&#8221; align_md=&#8221;align-center-md&#8221; align_sm=&#8221;align-center-sm&#8221; align_xs=&#8221;align-center-xs&#8221; font_weight=&#8221;&#8221; text_color=&#8221;#09152c&#8221; margin_bottom=&#8221;17&#8243;][vc_column_text]<\/p>\n<h5 style=\"text-align: center;\">Vous avez besoin de place pour stocker vos meubles et affaires personnelles ?<br \/>\nVous souhaitez stocker votre mat\u00e9riel professionnel en toute s\u00e9curit\u00e9 ?<\/h5>\n<h5 style=\"text-align: center;\">Nous mettons \u00e0 votre disposition <strong>170 box de self-stockage ferm\u00e9s et s\u00e9curis\u00e9s<\/strong>,<br \/>\nde <strong>2 \u00e0 20m\u00b2<\/strong> et <strong>en libre acc\u00e8s par badge <\/strong><strong>7j\/7 et 24h\/24.<\/strong>\u00a0Nos priorit\u00e9s restent la valeur humaine<br \/>\net la satisfaction de nos clients, nous serons donc l\u00e0 pour vous conseiller et r\u00e9pondre \u00e0 vos besoins.<\/h5>\n<p>[\/vc_column_text][vc_empty_space height=&#8221;20px&#8221;][\/vc_column][\/vc_row][vc_row][vc_column width=&#8221;1\/5&#8243;][cms_fancybox cms_template=&#8221;cms_fancybox&#8211;layout5.php&#8221; icon_type=&#8221;image&#8221; icon_image=&#8221;978&#8243; description=&#8221;Location de box selon vos besoins de <b>2 \u00e0 20m\u00b2<\/b>&#8221; animation=&#8221;fadeInUp&#8221;][\/vc_column][vc_column width=&#8221;1\/5&#8243;][cms_fancybox cms_template=&#8221;cms_fancybox&#8211;layout5.php&#8221; icon_type=&#8221;image&#8221; icon_image=&#8221;982&#8243; description=&#8221;Acc\u00e8s libre \u00e0 votre box <b>7j\/7 et 24h\/24<\/b>&#8221; animation=&#8221;fadeInUp&#8221;][\/vc_column][vc_column width=&#8221;1\/5&#8243;][cms_fancybox cms_template=&#8221;cms_fancybox&#8211;layout5.php&#8221; icon_type=&#8221;image&#8221; icon_image=&#8221;983&#8243; description=&#8221;B\u00e2timents enti\u00e8rement <b>sains et isol\u00e9s<\/b>&#8221; animation=&#8221;fadeInUp&#8221;][\/vc_column][vc_column width=&#8221;1\/5&#8243;][cms_fancybox cms_template=&#8221;cms_fancybox&#8211;layout5.php&#8221; icon_type=&#8221;image&#8221; icon_image=&#8221;979&#8243; description=&#8221;<b>Enceinte close<\/b> et s\u00e9curis\u00e9e avec portail d&#8217;acc\u00e8s&#8221; animation=&#8221;fadeInUp&#8221;][\/vc_column][vc_column width=&#8221;1\/5&#8243;][cms_fancybox cms_template=&#8221;cms_fancybox&#8211;layout5.php&#8221; icon_type=&#8221;image&#8221; icon_image=&#8221;980&#8243; description=&#8221;<b>100% s\u00e9curis\u00e9 <\/b>via cam\u00e9ras et t\u00e9l\u00e9surveillance&#8221; animation=&#8221;fadeInUp&#8221;][\/vc_column][\/vc_row][vc_row][vc_column][vc_empty_space height=&#8221;35px&#8221;][vc_empty_space height=&#8221;31px&#8221;][\/vc_column][\/vc_row][vc_row full_width=&#8221;stretch_row&#8221; content_placement=&#8221;middle&#8221; css=&#8221;.vc_custom_1661171834493{background-color: #09152c !important;}&#8221; el_id=&#8221;services&#8221;][vc_column css=&#8221;.vc_custom_1661172089359{padding-top: 58px !important;padding-bottom: 58px !important;}&#8221; offset=&#8221;vc_hidden-xs&#8221;][cms_heading text=&#8221;King Stockage, le roi du stockage pour particuliers et professionnels&#8221; align_lg=&#8221;align-center&#8221; align_md=&#8221;align-center-md&#8221; align_sm=&#8221;align-center-sm&#8221; align_xs=&#8221;align-right-xs&#8221; font_weight=&#8221;400&#8243; text_color=&#8221;#f3f4f6&#8243; margin_bottom=&#8221;3&#8243;][cms_heading text=&#8221;\u00e0 proximit\u00e9 de Tours (37)&#8221; tag=&#8221;h5&#8243; align_lg=&#8221;align-center&#8221; align_md=&#8221;align-center-md&#8221; align_sm=&#8221;align-center-sm&#8221; align_xs=&#8221;align-right-xs&#8221; font_weight=&#8221;700&#8243; text_color=&#8221;#ea1414&#8243; margin_bottom=&#8221;0&#8243;][vc_empty_space height=&#8221;10px&#8221;][\/vc_column][\/vc_row][vc_row full_width=&#8221;stretch_row_content_no_spaces&#8221; gap=&#8221;10&#8243; content_placement=&#8221;middle&#8221; css=&#8221;.vc_custom_1680077226432{margin-top: 35px !important;}&#8221; el_id=&#8221;apropos&#8221;][vc_column ct_column_class=&#8221;rm-padding-lg&#8221; css=&#8221;.vc_custom_1661173149270{padding-top: 0px !important;padding-right: 20px !important;padding-bottom: 40px !important;padding-left: 50px !important;}&#8221; offset=&#8221;vc_col-lg-5 vc_col-md-5&#8243;][cms_image_gallery_carousel images=&#8221;1129,1130,1138,1137,1132,1131&#8243; img_size=&#8221;800&#215;800&#8243; col_xs=&#8221;1&#8243; col_sm=&#8221;2&#8243; col_md=&#8221;3&#8243; col_lg=&#8221;1&#8243; loop=&#8221;true&#8221; autoplay=&#8221;true&#8221; autoplay_timeout=&#8221;5000&#8243; center=&#8221;true&#8221; arrows=&#8221;true&#8221;][\/vc_column][vc_column ct_column_class=&#8221;rm-padding-lg&#8221; ct_column_offset=&#8221;col-offset-right&#8221; css=&#8221;.vc_custom_1660045523598{padding-top: 0px !important;padding-right: 50px !important;padding-bottom: 40px !important;padding-left: 25px !important;}&#8221; offset=&#8221;vc_col-lg-7 vc_col-md-7&#8243;][cms_heading text=&#8221;Les + de King Stockage&#8221; font_weight=&#8221;&#8221; text_color=&#8221;#09152c&#8221; margin_bottom=&#8221;17&#8243;][vc_row_inner css=&#8221;.vc_custom_1533544688449{margin-right: -15px !important;margin-left: -15px !important;padding-top: 27px !important;}&#8221;][vc_column_inner width=&#8221;1\/2&#8243; css=&#8221;.vc_custom_1660123313406{padding-top: 30px !important;padding-right: 15px !important;padding-bottom: 0px !important;padding-left: 15px !important;}&#8221;][cms_fancybox cms_template=&#8221;cms_fancybox&#8211;layout2.php&#8221; description_color=&#8221;#333333&#8243; icon_type=&#8221;image&#8221; icon_image=&#8221;998&#8243; icon_style=&#8221;style2&#8243; title=&#8221;Location de box de self-stockage &amp; garde meuble&#8221; description=&#8221;Nous vous proposons des <b>box sains, propres et enti\u00e8rement s\u00e9curis\u00e9s de 2m\u00b2 \u00e0 20m\u00b2<\/b> (5m3 \u00e0 50m3) pour stocker vos meubles selon vos besoins : cartons, meubles, \u00e9lectrom\u00e9nager&#8230;<\/p>\n<p>Que vous soyez commer\u00e7ant, PME ou artisan, King Stockage vous permet de louer un box pour <b>stocker votre mat\u00e9riel professionnel, votre stock, vos archives&#8230;<\/b>&#8221; animation=&#8221;fadeIn&#8221;][\/vc_column_inner][vc_column_inner width=&#8221;1\/2&#8243; css=&#8221;.vc_custom_1660123320654{padding-top: 30px !important;padding-right: 15px !important;padding-bottom: 0px !important;padding-left: 15px !important;}&#8221;][cms_fancybox cms_template=&#8221;cms_fancybox&#8211;layout2.php&#8221; description_color=&#8221;#333333&#8243; icon_type=&#8221;image&#8221; icon_image=&#8221;999&#8243; icon_style=&#8221;style2&#8243; title=&#8221;Mise \u00e0 disposition de mat\u00e9riel de manutention&#8221; description=&#8221;Nos b\u00e2timents disposent de toutes les qualit\u00e9s requises pour stocker vos affaires personnelles dans les meilleures conditions.<\/p>\n<p><b>Nous mettons \u00e0 votre disposition dans nos locaux du mat\u00e9riel de manutention <\/b>(chariots et diables) pour un chargement et d\u00e9chargement simple et rapide avec un acc\u00e8s \u00e0 l&#8217;int\u00e9rieur du b\u00e2timent pour d\u00e9charger au sec.&#8221; animation=&#8221;fadeIn&#8221;][\/vc_column_inner][\/vc_row_inner][vc_row_inner css=&#8221;.vc_custom_1660123402654{margin-right: -15px !important;margin-left: -15px !important;padding-top: 20px !important;}&#8221;][vc_column_inner width=&#8221;1\/2&#8243; css=&#8221;.vc_custom_1660123396230{padding-top: 20px !important;padding-right: 15px !important;padding-bottom: 37px !important;padding-left: 15px !important;}&#8221;][cms_fancybox cms_template=&#8221;cms_fancybox&#8211;layout2.php&#8221; title_color=&#8221;#333333&#8243; description_color=&#8221;#333333&#8243; icon_type=&#8221;image&#8221; icon_image=&#8221;997&#8243; icon_style=&#8221;style2&#8243; title=&#8221;Service de transport&#8221; description=&#8221;Vous n&#8217;avez pas le temps ou le v\u00e9hicule adapt\u00e9 pour le transport jusqu&#8217;\u00e0 votre box King Stockage ?<\/p>\n<p>Nous vous proposons un service de <b>transport de vos affaires personnelles, votre marchandise ou votre mat\u00e9riel depuis votre domicile, ou votre local professionnel.<\/b>&#8221; animation=&#8221;fadeIn&#8221;][\/vc_column_inner][vc_column_inner width=&#8221;1\/2&#8243; css=&#8221;.vc_custom_1533544674385{padding-top: 30px !important;padding-right: 15px !important;padding-bottom: 37px !important;padding-left: 15px !important;}&#8221;][cms_fancybox cms_template=&#8221;cms_fancybox&#8211;layout2.php&#8221; description_color=&#8221;#333333&#8243; icon_type=&#8221;image&#8221; icon_image=&#8221;1000&#8243; icon_style=&#8221;style2&#8243; title=&#8221;Vente de fournitures pour le transport et le conditionnement&#8221; description=&#8221;Retrouvez \u00e0 la vente dans nos locaux des <b>fournitures indispensables pour le conditionnement et le transport de vos affaires personnelles<\/b> : cartons, ruban adh\u00e9sif, cadenas, marqueurs, sangles, couvertures, film \u00e0 bulles&#8230;&#8221; animation=&#8221;fadeInDown&#8221;][\/vc_column_inner][\/vc_row_inner][\/vc_column][\/vc_row][vc_row full_width=&#8221;stretch_row&#8221; gap=&#8221;20&#8243; content_placement=&#8221;middle&#8221; parallax=&#8221;content-moving&#8221; parallax_image=&#8221;871&#8243; parallax_speed_bg=&#8221;1.8&#8243; ct_row_class=&#8221;row-overlay&#8221; css=&#8221;.vc_custom_1660136590396{background-image: url(https:\/\/kingstockage.com\/wp-content\/uploads\/2022\/08\/fond-bloc-texte-avec-icone-cartonV4.png?id=1037) !important;background-position: center;background-repeat: no-repeat !important;background-size: cover !important;}&#8221; el_id=&#8221;about&#8221;][vc_column width=&#8221;2\/3&#8243;][cms_heading text=&#8221;Louez votre box de stockage simplement&#8221; font_weight=&#8221;600&#8243; text_color=&#8221;#ffffff&#8221; description_color=&#8221;#ffffff&#8221;][vc_tta_accordion active_section=&#8221;1&#8243;][vc_tta_section title=&#8221;1. Choisissez le box qui vous convient&#8221; tab_id=&#8221;1533549765214-4f388511-c42f8bf6-fd04&#8243;][vc_row_inner][vc_column_inner][vc_column_text css=&#8221;.vc_custom_1680771394498{margin-bottom: 0px !important;}&#8221;]<strong>Nos contrats de location sont flexibles, avec une dur\u00e9e d&#8217;engagement minimum d&#8217;un mois <\/strong><em>(au del\u00e0 d&#8217;un mois, 8 jours de pr\u00e9avis)<\/em> et <b>la possibilit\u00e9 de souscrire \u00e0 une assurance sp\u00e9cifique <\/b>correspondant \u00e0 la valeur de votre marchandise stock\u00e9e.<\/p>\n<p>En fonction de vos besoins, <strong>nous vous conseillons sur la taille de box<\/strong> qui vous correspond le mieux pour entreposer votre mobilier selon votre volume de stockage.[\/vc_column_text][\/vc_column_inner][\/vc_row_inner][\/vc_tta_section][vc_tta_section title=&#8221;2. Contactez-nous via le formulaire de contact ou par t\u00e9l\u00e9phone&#8221; tab_id=&#8221;1533551984075-d558e517-f8ce8bf6-fd04&#8243;][vc_row_inner][vc_column_inner css=&#8221;.vc_custom_1533551871842{padding-top: 0px !important;padding-bottom: 11px !important;}&#8221;][vc_column_text css=&#8221;.vc_custom_1660132839669{margin-bottom: 0px !important;}&#8221;]Vous n\u2019aurez qu\u2019\u00e0\u00a0<strong>choisir la date et la dur\u00e9e de la location<\/strong>\u00a0de votre box\u00a0<em>(dur\u00e9e minimale d\u2019engagement de 1 mois)<\/em>, et \u00e0 nous\u00a0<strong>transmettre les pi\u00e8ces n\u00e9cessaires \u00e0 la constitution de votre dossier<\/strong>\u00a0<em>(RIB, justificatif de domicile si vous \u00eatre un particulier ou extrait KBis et pi\u00e8ce d\u2019identit\u00e9 si vous \u00eatre un professionnel)<\/em>[\/vc_column_text][\/vc_column_inner][\/vc_row_inner][\/vc_tta_section][vc_tta_section title=&#8221;3. Stockez vos affaires personnelles ou professionnelles&#8221; tab_id=&#8221;1533552001838-d92d9539-71b28bf6-fd04&#8243;][vc_row_inner][vc_column_inner css=&#8221;.vc_custom_1533551871842{padding-top: 0px !important;padding-bottom: 11px !important;}&#8221;][vc_column_text css=&#8221;.vc_custom_1680771437650{margin-bottom: 0px !important;}&#8221;]Nos locaux disposent de toutes les qualit\u00e9s requises pour stocker vos affaires personnelles dans les meilleures conditions et en toute s\u00e9curit\u00e9 :<strong> portail d\u2019acc\u00e8s, badge, t\u00e9l\u00e9surveillance. acc\u00e8s \u00e0 l\u2019int\u00e9rieur du b\u00e2timent pour charger au sec\u2026<\/strong>[\/vc_column_text][\/vc_column_inner][\/vc_row_inner][\/vc_tta_section][vc_tta_section title=&#8221;4. Acc\u00e9dez \u00e0 votre box librement&#8221; tab_id=&#8221;1660132930370-97846645-37f8&#8243;][vc_row_inner][vc_column_inner css=&#8221;.vc_custom_1533551871842{padding-top: 0px !important;padding-bottom: 11px !important;}&#8221;][vc_column_text css=&#8221;.vc_custom_1680771569344{margin-bottom: 0px !important;}&#8221;]Vous disposez d\u2019un\u00a0<strong>acc\u00e8s libre \u00e0 votre box King Stockage 7j\/7 et 24h\/24.<\/strong>[\/vc_column_text][\/vc_column_inner][\/vc_row_inner][\/vc_tta_section][\/vc_tta_accordion][vc_empty_space height=&#8221;200px&#8221;][\/vc_column][vc_column width=&#8221;1\/6&#8243;][\/vc_column][\/vc_row][vc_row full_width=&#8221;stretch_row&#8221; el_id=&#8221;contact&#8221; css=&#8221;.vc_custom_1660134011551{margin-bottom: 0px !important;border-bottom-width: 0px !important;padding-bottom: 0px !important;}&#8221;][vc_column css=&#8221;.vc_custom_1680077653562{margin-bottom: 80px !important;padding-top: 100px !important;}&#8221;][vc_row_inner css=&#8221;.vc_custom_1660134173386{padding-top: 0px !important;padding-bottom: 0px !important;}&#8221;][vc_column_inner width=&#8221;5\/12&#8243;][cms_heading text=&#8221;Coordonn\u00e9es&#8221; font_weight=&#8221;&#8221; text_color=&#8221;#d81516&#8243; margin_bottom=&#8221;17&#8243;][vc_empty_space height=&#8221;10px&#8221;][cms_contact_info icon_fontawesome=&#8221;fas fa-map-marker-alt&#8221; description=&#8221;33 Avenue L\u00e9onard de Vinci<br \/>\n37270 Montlouis-sur-Loire&#8221;][vc_empty_space height=&#8221;10px&#8221;][cms_contact_info icon_fontawesome=&#8221;fas fa-phone-alt&#8221; description=&#8221;07 87 48 91 08<br \/>\n06 45 33 27 64&#8243;][vc_empty_space height=&#8221;10px&#8221;][cms_contact_info icon_fontawesome=&#8221;far fa-envelope&#8221; description=&#8221;contact@kingstockage.com&#8221;][vc_empty_space height=&#8221;10px&#8221;][cms_contact_info icon_fontawesome=&#8221;fas fa-door-open&#8221; description=&#8221;Acc\u00e8s \u00e0 votre box<br \/>\n7j\/7 et 24h\/24&#8243;][vc_empty_space height=&#8221;40px&#8221;][\/vc_column_inner][vc_column_inner width=&#8221;7\/12&#8243; css=&#8221;.vc_custom_1660133596651{padding-top: 0px !important;padding-bottom: 13px !important;}&#8221;][vc_empty_space height=&#8221;10px&#8221;][cms_heading text=&#8221;Demander un devis&#8221; font_weight=&#8221;&#8221; text_color=&#8221;#d81516&#8243; description=&#8221;Vous souhaitez louer un box King Stockage ?<br \/>\n<b>Remplissez le formulaire suivant afin que nous puissions facilement r\u00e9pondre \u00e0 votre demande.<\/b><\/p>\n<p>Vous pouvez \u00e9galement nous contacter par t\u00e9l\u00e9phone. N&#8217;h\u00e9sitez pas \u00e0 nous laisser un message vocal, nous vous recontacterons dans les meilleurs d\u00e9lais.&#8221; margin_bottom=&#8221;8&#8243;][vc_empty_space][vc_raw_html]JTVCY29udGFjdC1mb3JtLTclMjBpZCUzRCUyMjEwMjAlMjIlMjB0aXRsZSUzRCUyMkZvcm11bGFpcmUlMjBkZSUyMGNvbnRhY3QlMkZkZXZpcyUyMiU1RA==[\/vc_raw_html][\/vc_column_inner][\/vc_row_inner][\/vc_column][\/vc_row][vc_row full_width=&#8221;stretch_row_content_no_spaces&#8221; css=&#8221;.vc_custom_1660133977660{margin-top: 0px !important;margin-bottom: 0px !important;border-top-width: 0px !important;border-bottom-width: 0px !important;padding-top: 0px !important;padding-bottom: 0px !important;}&#8221;][vc_column css=&#8221;.vc_custom_1661173488759{padding-top: 0px !important;}&#8221;][vc_column_text css=&#8221;.vc_custom_1660133987684{margin-top: 0px !important;border-top-width: 0px !important;padding-top: 0px !important;padding-bottom: 0px !important;}&#8221;]<iframe loading=\"lazy\" style=\"border: 0; -webkit-filter: grayscale(100%); filter: grayscale(100%);\" src=\"https:\/\/www.google.com\/maps\/embed?pb=!1m18!1m12!1m3!1d2700.879245596806!2d0.803124896953124!3d47.394788912759275!2m3!1f0!2f0!3f0!3m2!1i1024!2i768!4f13.1!3m3!1m2!1s0x47fcd26fcac583c3%3A0xebfcfc59212d5b1d!2s33%20Av.%20L%C3%A9onard%20de%20Vinci%2C%2037270%20Montlouis-sur-Loire!5e0!3m2!1sfr!2sfr!4v1660048841737!5m2!1sfr!2sfr\" width=\"100%\" height=\"600\" frameborder=\"0\" allowfullscreen=\"allowfullscreen\" data-mce-fragment=\"1\"><\/iframe>[\/vc_column_text][\/vc_column][\/vc_row]<\/p>\n","protected":false},"excerpt":{"rendered":"<p>[vc_row full_width=&#8221;stretch_row_content_no_spaces&#8221; el_id=&#8221;section-home&#8221;][vc_column][rev_slider_vc alias=&#8221;slider-1&#8243; arrow_style=&#8221;style4&#8243;][vc_empty_space height=&#8221;45px&#8221;][\/vc_column][\/vc_row][vc_row][vc_column][cms_heading text=&#8221;Louez un box de self-stockage de 2 \u00e0 20m2, adapt\u00e9 \u00e0 vos besoins !&#8221; align_lg=&#8221;align-center&#8221; align_md=&#8221;align-center-md&#8221; align_sm=&#8221;align-center-sm&#8221; align_xs=&#8221;align-center-xs&#8221; font_weight=&#8221;&#8221; text_color=&#8221;#09152c&#8221; margin_bottom=&#8221;17&#8243;][vc_column_text] Vous avez besoin de place pour stocker vos meubles et affaires personnelles ? Vous souhaitez stocker votre mat\u00e9riel professionnel en toute s\u00e9curit\u00e9 ? Nous mettons \u00e0 votre disposition [&hellip;]<\/p>\n","protected":false},"author":1,"featured_media":0,"parent":0,"menu_order":0,"comment_status":"closed","ping_status":"closed","template":"","meta":{"footnotes":""},"class_list":["post-274","page","type-page","status-publish","hentry"],"yoast_head":"<!-- This site is optimized with the Yoast SEO plugin v22.5 - https:\/\/yoast.com\/wordpress\/plugins\/seo\/ -->\n<title>Location de box de Stockage pr\u00e8s de Tours - King Stockage<\/title>\n<meta name=\"description\" content=\"King Stockage vous propose la Location de Box de stockage enti\u00e8rement s\u00e9curis\u00e9 pour particuliers et professionnels pr\u00e8s de Tours (37)\" \/>\n<meta name=\"robots\" content=\"index, follow, max-snippet:-1, max-image-preview:large, max-video-preview:-1\" \/>\n<link rel=\"canonical\" href=\"https:\/\/kingstockage.com\/\" \/>\n<meta property=\"og:locale\" content=\"fr_FR\" \/>\n<meta property=\"og:type\" content=\"article\" \/>\n<meta property=\"og:title\" content=\"Location de box de Stockage pr\u00e8s de Tours - King Stockage\" \/>\n<meta property=\"og:description\" content=\"King Stockage vous propose la Location de Box de stockage enti\u00e8rement s\u00e9curis\u00e9 pour particuliers et professionnels pr\u00e8s de Tours (37)\" \/>\n<meta property=\"og:url\" content=\"https:\/\/kingstockage.com\/\" \/>\n<meta property=\"og:site_name\" content=\"King Stockage\" \/>\n<meta property=\"article:modified_time\" content=\"2023-04-06T09:02:30+00:00\" \/>\n<meta name=\"twitter:card\" content=\"summary_large_image\" \/>\n<meta name=\"twitter:label1\" content=\"Dur\u00e9e de lecture estim\u00e9e\" \/>\n\t<meta name=\"twitter:data1\" content=\"5 minutes\" \/>\n<script type=\"application\/ld+json\" class=\"yoast-schema-graph\">{\"@context\":\"https:\/\/schema.org\",\"@graph\":[{\"@type\":\"WebPage\",\"@id\":\"https:\/\/kingstockage.com\/\",\"url\":\"https:\/\/kingstockage.com\/\",\"name\":\"Location de box de Stockage pr\u00e8s de Tours - King Stockage\",\"isPartOf\":{\"@id\":\"https:\/\/kingstockage.com\/#website\"},\"datePublished\":\"2018-08-01T03:10:30+00:00\",\"dateModified\":\"2023-04-06T09:02:30+00:00\",\"description\":\"King Stockage vous propose la Location de Box de stockage enti\u00e8rement s\u00e9curis\u00e9 pour particuliers et professionnels pr\u00e8s de Tours (37)\",\"breadcrumb\":{\"@id\":\"https:\/\/kingstockage.com\/#breadcrumb\"},\"inLanguage\":\"fr-FR\",\"potentialAction\":[{\"@type\":\"ReadAction\",\"target\":[\"https:\/\/kingstockage.com\/\"]}]},{\"@type\":\"BreadcrumbList\",\"@id\":\"https:\/\/kingstockage.com\/#breadcrumb\",\"itemListElement\":[{\"@type\":\"ListItem\",\"position\":1,\"name\":\"Accueil\",\"item\":\"https:\/\/kingstockage.com\/\"},{\"@type\":\"ListItem\",\"position\":2,\"name\":\"Accueil\"}]},{\"@type\":\"WebSite\",\"@id\":\"https:\/\/kingstockage.com\/#website\",\"url\":\"https:\/\/kingstockage.com\/\",\"name\":\"King Stockage\",\"description\":\"Le roi du stockage\",\"potentialAction\":[{\"@type\":\"SearchAction\",\"target\":{\"@type\":\"EntryPoint\",\"urlTemplate\":\"https:\/\/kingstockage.com\/?s={search_term_string}\"},\"query-input\":\"required name=search_term_string\"}],\"inLanguage\":\"fr-FR\"}]}<\/script>\n<!-- \/ Yoast SEO plugin. -->","yoast_head_json":{"title":"Location de box de Stockage pr\u00e8s de Tours - King Stockage","description":"King Stockage vous propose la Location de Box de stockage enti\u00e8rement s\u00e9curis\u00e9 pour particuliers et professionnels pr\u00e8s de Tours (37)","robots":{"index":"index","follow":"follow","max-snippet":"max-snippet:-1","max-image-preview":"max-image-preview:large","max-video-preview":"max-video-preview:-1"},"canonical":"https:\/\/kingstockage.com\/","og_locale":"fr_FR","og_type":"article","og_title":"Location de box de Stockage pr\u00e8s de Tours - King Stockage","og_description":"King Stockage vous propose la Location de Box de stockage enti\u00e8rement s\u00e9curis\u00e9 pour particuliers et professionnels pr\u00e8s de Tours (37)","og_url":"https:\/\/kingstockage.com\/","og_site_name":"King Stockage","article_modified_time":"2023-04-06T09:02:30+00:00","twitter_card":"summary_large_image","twitter_misc":{"Dur\u00e9e de lecture estim\u00e9e":"5 minutes"},"schema":{"@context":"https:\/\/schema.org","@graph":[{"@type":"WebPage","@id":"https:\/\/kingstockage.com\/","url":"https:\/\/kingstockage.com\/","name":"Location de box de Stockage pr\u00e8s de Tours - King Stockage","isPartOf":{"@id":"https:\/\/kingstockage.com\/#website"},"datePublished":"2018-08-01T03:10:30+00:00","dateModified":"2023-04-06T09:02:30+00:00","description":"King Stockage vous propose la Location de Box de stockage enti\u00e8rement s\u00e9curis\u00e9 pour particuliers et professionnels pr\u00e8s de Tours (37)","breadcrumb":{"@id":"https:\/\/kingstockage.com\/#breadcrumb"},"inLanguage":"fr-FR","potentialAction":[{"@type":"ReadAction","target":["https:\/\/kingstockage.com\/"]}]},{"@type":"BreadcrumbList","@id":"https:\/\/kingstockage.com\/#breadcrumb","itemListElement":[{"@type":"ListItem","position":1,"name":"Accueil","item":"https:\/\/kingstockage.com\/"},{"@type":"ListItem","position":2,"name":"Accueil"}]},{"@type":"WebSite","@id":"https:\/\/kingstockage.com\/#website","url":"https:\/\/kingstockage.com\/","name":"King Stockage","description":"Le roi du stockage","potentialAction":[{"@type":"SearchAction","target":{"@type":"EntryPoint","urlTemplate":"https:\/\/kingstockage.com\/?s={search_term_string}"},"query-input":"required name=search_term_string"}],"inLanguage":"fr-FR"}]}},"_links":{"self":[{"href":"https:\/\/kingstockage.com\/index.php\/wp-json\/wp\/v2\/pages\/274","targetHints":{"allow":["GET"]}}],"collection":[{"href":"https:\/\/kingstockage.com\/index.php\/wp-json\/wp\/v2\/pages"}],"about":[{"href":"https:\/\/kingstockage.com\/index.php\/wp-json\/wp\/v2\/types\/page"}],"author":[{"embeddable":true,"href":"https:\/\/kingstockage.com\/index.php\/wp-json\/wp\/v2\/users\/1"}],"replies":[{"embeddable":true,"href":"https:\/\/kingstockage.com\/index.php\/wp-json\/wp\/v2\/comments?post=274"}],"version-history":[{"count":76,"href":"https:\/\/kingstockage.com\/index.php\/wp-json\/wp\/v2\/pages\/274\/revisions"}],"predecessor-version":[{"id":1174,"href":"https:\/\/kingstockage.com\/index.php\/wp-json\/wp\/v2\/pages\/274\/revisions\/1174"}],"wp:attachment":[{"href":"https:\/\/kingstockage.com\/index.php\/wp-json\/wp\/v2\/media?parent=274"}],"curies":[{"name":"wp","href":"https:\/\/api.w.org\/{rel}","templated":true}]}}